{"id":734,"date":"2018-07-26T10:49:22","date_gmt":"2018-07-26T13:49:22","guid":{"rendered":"https:\/\/iset2-sgo.infd.edu.ar\/sitio\/?page_id=734"},"modified":"2020-04-04T22:05:11","modified_gmt":"2020-04-05T01:05:11","slug":"plan-de-estudio","status":"publish","type":"page","link":"https:\/\/iset2-sgo.infd.edu.ar\/sitio\/catalogo\/plan-de-estudio\/","title":{"rendered":"Plan de estudio"},"content":{"rendered":"<h4>TECNICO SUPERIOR EN ANALISIS DE SISTEMAS<\/h4>\n<h4>El T\u00e9cnico superior en An\u00e1lisis de Sistemas se desempe\u00f1a en centros de procesamiento de datos, de empresas y organizaciones de cualquier tipo usuarias de T.I., o empresas que brindan servicios\u00a0 a estas, sin que obligatoriamente\u00a0 deba estar f\u00edsicamente ubicados en el mismo.<\/h4>\n<ul>\n<li>\n<pre>Plan de estudios<\/pre>\n<\/li>\n<li>\n<pre>Perfil del Egresado<\/pre>\n<\/li>\n<\/ul>\n<h4>Acerca de la carrera<\/h4>\n<p class=\"p1\"><span class=\"s1\">En el mundo en que vivimos, el exponencial avance tecnol\u00f3gico ha generado nuevas necesidades laborales y ha abierto el campo a actividades especificas que requieren diferentes niveles de capacitaci\u00f3n.<\/span><\/p>\n<p class=\"p1\"><span class=\"s1\"> La inserci\u00f3n laboral hoy requiere de personas con un cierto grado de capacitaci\u00f3n que la secundaria no les d\u00e1 a los j\u00f3venes; es por eso que las carreras cortas son una alternativa frente a las demandas sociales, ya que ellas cubran el espacio existente entre el nivel secundario, que no prepara laboralmente, y un t\u00edtulo de grado.<\/span><\/p>\n<p class=\"p1\"><span class=\"s1\"> El mercado laboral hoy necesita de personal t\u00e9cnico capacitado en \u201cInform\u00e1tica\u201d, el personal administrativo contable, hoy por hoy, necesita de conocimientos b\u00e1sicos de programaci\u00f3n. (An\u00e1lisis de datos, Manejo de Software, Etc.).<\/span><\/p>\n<p>&nbsp;<\/p>\n<h4><\/h4>\n<h4><\/h4>\n<h4>Plan de estudios<\/h4>\n<p>El plan prevee una duraci\u00f3n de 3 a\u00f1os.<\/p>\n<p><strong>A\u00f1o<\/strong><\/p>\n<ul>\n<li><strong>Materia<\/strong><\/li>\n<\/ul>\n<p style=\"padding-left: 60px;\">Carga horaria<\/p>\n<p style=\"padding-left: 60px;\">Horario de cursado<\/p>\n<p>&nbsp;<\/p>\n<p>&nbsp;<\/p>\n<h4>Perfil del egresado<\/h4>\n<p><span class=\"s1\"><b>El T\u00e9cnico Superior en An\u00e1lisis de Sistemas estar\u00e1 capacitado para analizar e interpretar , asesorar en la elecci\u00f3n de software existente en el mercado actuando bajo normativas vigentes ,adem\u00e1s dise\u00f1ar y desarrollar sistemas inform\u00e1ticos y asistir al personal de las organizaciones en temas espec\u00edficos de los sistemas inform\u00e1ticos a utilizar.<\/b><\/span><\/p>\n<p>&nbsp;<\/p>\n","protected":false},"excerpt":{"rendered":"<p>TECNICO SUPERIOR EN ANALISIS DE SISTEMAS El T\u00e9cnico superior en An\u00e1lisis de Sistemas se desempe\u00f1a en centros de procesamiento de datos, de empresas y organizaciones de cualquier tipo usuarias de T.I., o empresas que brindan servicios\u00a0 a estas, sin que obligatoriamente\u00a0 deba estar f\u00edsicamente ubicados en el mismo. Plan de estudios Perfil del Egresado Acerca &#8230; <a title=\"Plan de estudio\" class=\"read-more\" href=\"https:\/\/iset2-sgo.infd.edu.ar\/sitio\/catalogo\/plan-de-estudio\/\" aria-label=\"More on Plan de estudio\">[+]<\/a><\/p>\n","protected":false},"author":6,"featured_media":0,"parent":644,"menu_order":0,"comment_status":"closed","ping_status":"closed","template":"","meta":[],"acf":[],"_links":{"self":[{"href":"https:\/\/iset2-sgo.infd.edu.ar\/sitio\/wp-json\/wp\/v2\/pages\/734"}],"collection":[{"href":"https:\/\/iset2-sgo.infd.edu.ar\/sitio\/wp-json\/wp\/v2\/pages"}],"about":[{"href":"https:\/\/iset2-sgo.infd.edu.ar\/sitio\/wp-json\/wp\/v2\/types\/page"}],"author":[{"embeddable":true,"href":"https:\/\/iset2-sgo.infd.edu.ar\/sitio\/wp-json\/wp\/v2\/users\/6"}],"replies":[{"embeddable":true,"href":"https:\/\/iset2-sgo.infd.edu.ar\/sitio\/wp-json\/wp\/v2\/comments?post=734"}],"version-history":[{"count":7,"href":"https:\/\/iset2-sgo.infd.edu.ar\/sitio\/wp-json\/wp\/v2\/pages\/734\/revisions"}],"predecessor-version":[{"id":788,"href":"https:\/\/iset2-sgo.infd.edu.ar\/sitio\/wp-json\/wp\/v2\/pages\/734\/revisions\/788"}],"up":[{"embeddable":true,"href":"https:\/\/iset2-sgo.infd.edu.ar\/sitio\/wp-json\/wp\/v2\/pages\/644"}],"wp:attachment":[{"href":"https:\/\/iset2-sgo.infd.edu.ar\/sitio\/wp-json\/wp\/v2\/media?parent=734"}],"curies":[{"name":"wp","href":"https:\/\/api.w.org\/{rel}","templated":true}]}}